{"id":7131,"date":"2019-11-21T18:28:47","date_gmt":"2019-11-21T18:28:47","guid":{"rendered":"https:\/\/tavodovanos.lt\/?post_type=product&#038;p=7131"},"modified":"2022-08-26T07:13:13","modified_gmt":"2022-08-26T07:13:13","slug":"zoe-mini-gold-heart-bracelet","status":"publish","type":"product","link":"https:\/\/tavodovanos.lt\/en\/p\/zoe-mini-gold-heart-bracelet\/","title":{"rendered":"ZOE Mini Gold HEART Bracelet"},"content":{"rendered":"<p class=\"translation-block\"><strong>ZOE Mini HEART<\/strong> bracelets symbolises <strong>Love.<\/strong><\/p>\n<p>Stainless steel chain gives elegance and durability to your style.<\/p>\n<p><strong>Materials:<\/strong><\/p>\n<ul>\n<li>stainless steel<\/li>\n<\/ul>\n<p class=\"translation-block\"><strong>Size:<\/strong>\u00a0adjustable.<\/p>\n<p class=\"translation-block\"><strong>Comes in: <\/strong>White luxury gift box.<\/p>","protected":false},"excerpt":{"rendered":"<p>ZOE Mini Meil\u0117\u00a0apyrank\u0117 simbolizuoja\u00a0meil\u0119. Ner\u016bdijan\u010dio plieno apyrank\u0117 suteikia elegancijos ir ilgaam\u017ei\u0161kumo tavo stiliui, ji nepajuos, nenusitrins ir ilgai stebins savo lengvu spindesiu. Med\u017eiagos: ner\u016bdijantis plienas Dydis:\u00a0reguliuojamas \u012epakavimas:\u00a0Balta prabangi dovan\u0173 d\u0117\u017eut\u0117.<\/p>","protected":false},"featured_media":7033,"comment_status":"open","ping_status":"closed","template":"","meta":{"_acf_changed":false},"product_brand":[],"product_cat":[15,545,568],"product_tag":[],"class_list":{"0":"post-7131","1":"product","2":"type-product","3":"status-publish","4":"has-post-thumbnail","6":"product_cat-kitos","7":"product_cat-minimalistines","8":"product_cat-visos-dovanos","10":"first","11":"instock","12":"shipping-taxable","13":"purchasable","14":"product-type-simple"},"supplier_id":null,"supplier_sku":"","barcode":null,"atum_controlled":true,"out_stock_date":null,"out_stock_threshold":null,"inheritable":false,"inbound_stock":null,"stock_on_hold":0,"sold_today":0,"sales_last_days":0,"reserved_stock":null,"customer_returns":null,"warehouse_damage":null,"lost_in_post":null,"other_logs":null,"out_stock_days":0,"lost_sales":0,"has_location":null,"update_date":"2026-05-01T03:13:56","atum_locations":[],"atum_stock_status":"instock","restock_status":false,"low_stock_amount":0,"sales_update_date":"2026-05-01T03:13:55","calc_backorders":null,"acf":[],"_links":{"self":[{"href":"https:\/\/tavodovanos.lt\/en\/wp-json\/wp\/v2\/product\/7131","targetHints":{"allow":["GET"]}}],"collection":[{"href":"https:\/\/tavodovanos.lt\/en\/wp-json\/wp\/v2\/product"}],"about":[{"href":"https:\/\/tavodovanos.lt\/en\/wp-json\/wp\/v2\/types\/product"}],"replies":[{"embeddable":true,"href":"https:\/\/tavodovanos.lt\/en\/wp-json\/wp\/v2\/comments?post=7131"}],"wp:featuredmedia":[{"embeddable":true,"href":"https:\/\/tavodovanos.lt\/en\/wp-json\/wp\/v2\/media\/7033"}],"wp:attachment":[{"href":"https:\/\/tavodovanos.lt\/en\/wp-json\/wp\/v2\/media?parent=7131"}],"wp:term":[{"taxonomy":"product_brand","embeddable":true,"href":"https:\/\/tavodovanos.lt\/en\/wp-json\/wp\/v2\/product_brand?post=7131"},{"taxonomy":"product_cat","embeddable":true,"href":"https:\/\/tavodovanos.lt\/en\/wp-json\/wp\/v2\/product_cat?post=7131"},{"taxonomy":"product_tag","embeddable":true,"href":"https:\/\/tavodovanos.lt\/en\/wp-json\/wp\/v2\/product_tag?post=7131"}],"curies":[{"name":"wp","href":"https:\/\/api.w.org\/{rel}","templated":true}]}}