{"id":7153,"date":"2019-11-21T19:26:39","date_gmt":"2019-11-21T19:26:39","guid":{"rendered":"https:\/\/tavodovanos.lt\/?post_type=product&#038;p=7153"},"modified":"2022-08-26T07:13:11","modified_gmt":"2022-08-26T07:13:11","slug":"zoe-silver-2-hearts-charm","status":"publish","type":"product","link":"https:\/\/tavodovanos.lt\/en\/p\/zoe-silver-2-hearts-charm\/","title":{"rendered":"ZOE Silver 2 HEARTS Charm"},"content":{"rendered":"<p class=\"translation-block\"><strong>ZOE charms<\/strong> lets you to create unique style by combining various charms to your Mesh bracelet according to your mood.<\/p>\n<p>Stainless steel chain gives elegance and durability to your style.<\/p>\n<p><strong>Materials:<\/strong><\/p>\n<ul>\n<li>zinc alloy<\/li>\n<\/ul>\n<p class=\"translation-block\"><strong>Size:<\/strong>\u00a0adjustable.<\/p>\n<p class=\"translation-block\"><strong>Comes in:\u00a0<\/strong> plastic bag if not ordered more then 3 of different styles or together with a bracelet.<\/p>\n<p>Note, that we suggest ordering also side holders for each of your bracelet.<\/p>","protected":false},"excerpt":{"rendered":"<p>ZOE Pakabukai apyrank\u0117ms\u00a0leid\u017eia tau susikurti unikal\u0173 stili\u0173 pagal tavo nuotaik\u0105 &#8211; derinant \u012fvairius pakabukus ant savo apyrank\u0117s. Ner\u016bdijan\u010dio plieno apyrank\u0117 suteikia elegancijos ir ilgaam\u017ei\u0161kumo tavo stiliui, ji nepajuos, nenusitrins ir ilgai stebins savo lengvu spindesiu. Med\u017eiagos: cinko lydinys Dydis:\u00a0reguliuojamas \u012epakavimas:\u00a0brabangioje baltoje d\u0117\u017eut\u0117je, jeigu u\u017esakoma su apyranke arba mai\u0161elyje, jeigu neu\u017esakoma daugiau nei 3 vnt. (gali [&hellip;]<\/p>\n","protected":false},"featured_media":7087,"comment_status":"open","ping_status":"closed","template":"","meta":{"_acf_changed":false},"product_brand":[],"product_cat":[15,546,568],"product_tag":[],"class_list":{"0":"post-7153","1":"product","2":"type-product","3":"status-publish","4":"has-post-thumbnail","6":"product_cat-kitos","7":"product_cat-pakabuciai","8":"product_cat-visos-dovanos","10":"first","11":"instock","12":"shipping-taxable","13":"purchasable","14":"product-type-simple"},"supplier_id":null,"supplier_sku":"","barcode":null,"atum_controlled":true,"out_stock_date":null,"out_stock_threshold":null,"inheritable":false,"inbound_stock":null,"stock_on_hold":0,"sold_today":0,"sales_last_days":0,"reserved_stock":null,"customer_returns":null,"warehouse_damage":null,"lost_in_post":null,"other_logs":null,"out_stock_days":0,"lost_sales":0,"has_location":null,"update_date":"2026-04-14T02:07:19","atum_locations":[],"atum_stock_status":"instock","restock_status":false,"low_stock_amount":0,"sales_update_date":"2026-04-14T02:07:19","calc_backorders":null,"acf":[],"_links":{"self":[{"href":"https:\/\/tavodovanos.lt\/en\/wp-json\/wp\/v2\/product\/7153","targetHints":{"allow":["GET"]}}],"collection":[{"href":"https:\/\/tavodovanos.lt\/en\/wp-json\/wp\/v2\/product"}],"about":[{"href":"https:\/\/tavodovanos.lt\/en\/wp-json\/wp\/v2\/types\/product"}],"replies":[{"embeddable":true,"href":"https:\/\/tavodovanos.lt\/en\/wp-json\/wp\/v2\/comments?post=7153"}],"wp:featuredmedia":[{"embeddable":true,"href":"https:\/\/tavodovanos.lt\/en\/wp-json\/wp\/v2\/media\/7087"}],"wp:attachment":[{"href":"https:\/\/tavodovanos.lt\/en\/wp-json\/wp\/v2\/media?parent=7153"}],"wp:term":[{"taxonomy":"product_brand","embeddable":true,"href":"https:\/\/tavodovanos.lt\/en\/wp-json\/wp\/v2\/product_brand?post=7153"},{"taxonomy":"product_cat","embeddable":true,"href":"https:\/\/tavodovanos.lt\/en\/wp-json\/wp\/v2\/product_cat?post=7153"},{"taxonomy":"product_tag","embeddable":true,"href":"https:\/\/tavodovanos.lt\/en\/wp-json\/wp\/v2\/product_tag?post=7153"}],"curies":[{"name":"wp","href":"https:\/\/api.w.org\/{rel}","templated":true}]}}