{"id":7290,"date":"2022-08-19T23:02:03","date_gmt":"2022-08-19T23:02:03","guid":{"rendered":"https:\/\/tavodovanos.lt\/?post_type=product&#038;p=7290"},"modified":"2022-08-26T07:13:04","modified_gmt":"2022-08-26T07:13:04","slug":"zoe-black-rinkinys-degantys-deimantai","status":"publish","type":"product","link":"https:\/\/tavodovanos.lt\/en\/p\/zoe-black-rinkinys-degantys-deimantai\/","title":{"rendered":"ZOE Black Burning Diamond SET"},"content":{"rendered":"<p class=\"translation-block\"><strong>ZOE charms SET <\/strong>lets you to create unique style, add additional charms to your Mesh bracelet according to your mood.<\/p>\n<p>Stainless steel chain gives elegance and durability to your style.<\/p>\n<p><strong>Materials:<\/strong><\/p>\n<ul>\n<li>stainless steel, zinc alloy<\/li>\n<\/ul>\n<p class=\"translation-block\"><strong>Size:<\/strong>\u00a0adjustable.<\/p>\n<p class=\"translation-block\"><strong>Comes in: <\/strong>White luxury gift box.<\/p>\n<p>Note, that we suggest ordering also side holders for each of your bracelet.<\/p>","protected":false},"excerpt":{"rendered":"<p>ZOE Pakabukai apyrank\u0117ms\u00a0rinkiniuose\u00a0padeda tau susikurti unikal\u0173 stili\u0173, nes prie j\u0173 bet kada gali prid\u0117ti turimus kitus ZOE pakabu\u010dius. Ner\u016bdijan\u010dio plieno apyrank\u0117 suteikia elegancijos ir ilgaam\u017ei\u0161kumo tavo stiliui, ji nepajuos, nenusitrins ir ilgai stebins savo lengvu spindesiu. Med\u017eiagos: ner\u016bdijantis plienas, cinko lydinys Dydis:\u00a0reguliuojamas \u012epakavimas:\u00a0Balta prabangi dovan\u0173 d\u0117\u017eut\u0117. Si\u016blome kartu u\u017esisakyti ir \u0161oninius laikiklius.<\/p>","protected":false},"featured_media":7291,"comment_status":"open","ping_status":"closed","template":"","meta":{"_acf_changed":false},"product_brand":[],"product_cat":[543,22,15,41,547,568],"product_tag":[],"class_list":{"0":"post-7290","1":"product","2":"type-product","3":"status-publish","4":"has-post-thumbnail","6":"product_cat-apyrankes","7":"product_cat-dovanos-moterims","8":"product_cat-kitos","9":"product_cat-papuosalai","10":"product_cat-su-pakabuciais","11":"product_cat-visos-dovanos","12":"pa_kategorijos-dovanos-moterims","13":"pa_kategorijos-papuosalai","15":"first","16":"instock","17":"shipping-taxable","18":"purchasable","19":"product-type-simple"},"supplier_id":null,"supplier_sku":"","barcode":null,"atum_controlled":true,"out_stock_date":null,"out_stock_threshold":null,"inheritable":false,"inbound_stock":0,"stock_on_hold":0,"sold_today":0,"sales_last_days":0,"reserved_stock":0,"customer_returns":0,"warehouse_damage":0,"lost_in_post":0,"other_logs":0,"out_stock_days":0,"lost_sales":0,"has_location":false,"update_date":"2026-04-14T02:06:08","atum_locations":[],"atum_stock_status":"instock","restock_status":false,"low_stock_amount":"","sales_update_date":"2026-04-14T02:06:08","calc_backorders":null,"acf":[],"_links":{"self":[{"href":"https:\/\/tavodovanos.lt\/en\/wp-json\/wp\/v2\/product\/7290","targetHints":{"allow":["GET"]}}],"collection":[{"href":"https:\/\/tavodovanos.lt\/en\/wp-json\/wp\/v2\/product"}],"about":[{"href":"https:\/\/tavodovanos.lt\/en\/wp-json\/wp\/v2\/types\/product"}],"replies":[{"embeddable":true,"href":"https:\/\/tavodovanos.lt\/en\/wp-json\/wp\/v2\/comments?post=7290"}],"wp:featuredmedia":[{"embeddable":true,"href":"https:\/\/tavodovanos.lt\/en\/wp-json\/wp\/v2\/media\/7291"}],"wp:attachment":[{"href":"https:\/\/tavodovanos.lt\/en\/wp-json\/wp\/v2\/media?parent=7290"}],"wp:term":[{"taxonomy":"product_brand","embeddable":true,"href":"https:\/\/tavodovanos.lt\/en\/wp-json\/wp\/v2\/product_brand?post=7290"},{"taxonomy":"product_cat","embeddable":true,"href":"https:\/\/tavodovanos.lt\/en\/wp-json\/wp\/v2\/product_cat?post=7290"},{"taxonomy":"product_tag","embeddable":true,"href":"https:\/\/tavodovanos.lt\/en\/wp-json\/wp\/v2\/product_tag?post=7290"}],"curies":[{"name":"wp","href":"https:\/\/api.w.org\/{rel}","templated":true}]}}